{"id":4452,"date":"2020-12-26T18:19:08","date_gmt":"2020-12-26T18:19:08","guid":{"rendered":"https:\/\/axatours.com\/ueber-uns\/"},"modified":"2023-05-21T01:14:03","modified_gmt":"2023-05-21T01:14:03","slug":"ueber-uns","status":"publish","type":"page","link":"https:\/\/axatours.com\/de\/ueber-uns\/","title":{"rendered":"\u00dcber uns"},"content":{"rendered":"\n<style type=\"text\/css\" data-created_by=\"avia_inline_auto\" id=\"style-css-av-6evwie-b58d45f6f271b0d2dc80576fd60f8fdb\">\n.avia-section.av-6evwie-b58d45f6f271b0d2dc80576fd60f8fdb{\nbackground-repeat:no-repeat;\nbackground-image:url(https:\/\/axatours.com\/wp-content\/uploads\/2019\/02\/1-1-300x150.jpg);\nbackground-position:50% 50%;\nbackground-attachment:scroll;\n}\n.avia-section.av-6evwie-b58d45f6f271b0d2dc80576fd60f8fdb .av-section-color-overlay{\nopacity:0.4;\nbackground-color:#000000;\n}\n<\/style>\n<div id='av_section_1'  class='avia-section av-6evwie-b58d45f6f271b0d2dc80576fd60f8fdb main_color avia-section-large avia-no-border-styling  avia-builder-el-0  el_before_av_section  avia-builder-el-first  avia-full-stretch avia-bg-style-scroll av-section-color-overlay-active container_wrap sidebar_right'  data-section-bg-repeat='stretch'><div class=\"av-section-color-overlay-wrap\"><div class=\"av-section-color-overlay\"><\/div><div class='container av-section-cont-open' ><main  role=\"main\" itemprop=\"mainContentOfPage\"  class='template-page content  av-content-small alpha units'><div class='post-entry post-entry-type-page post-entry-4452'><div class='entry-content-wrapper clearfix'>\n\n<style type=\"text\/css\" data-created_by=\"avia_inline_auto\" id=\"style-css-av-650tby-38aed809e20cb14803f1cc03c1a298d4\">\n#top .av-special-heading.av-650tby-38aed809e20cb14803f1cc03c1a298d4{\npadding-bottom:10px;\ncolor:#ffffff;\nfont-size:70px;\n}\nbody .av-special-heading.av-650tby-38aed809e20cb14803f1cc03c1a298d4 .av-special-heading-tag .heading-char{\nfont-size:25px;\n}\n#top #wrap_all .av-special-heading.av-650tby-38aed809e20cb14803f1cc03c1a298d4 .av-special-heading-tag{\nfont-size:70px;\n}\n.av-special-heading.av-650tby-38aed809e20cb14803f1cc03c1a298d4 .special-heading-inner-border{\nborder-color:#ffffff;\n}\n.av-special-heading.av-650tby-38aed809e20cb14803f1cc03c1a298d4 .av-subheading{\nfont-size:15px;\n}\n\n@media only screen and (min-width: 480px) and (max-width: 767px){ \n#top #wrap_all .av-special-heading.av-650tby-38aed809e20cb14803f1cc03c1a298d4 .av-special-heading-tag{\nfont-size:0.8em;\n}\n}\n\n@media only screen and (max-width: 479px){ \n#top #wrap_all .av-special-heading.av-650tby-38aed809e20cb14803f1cc03c1a298d4 .av-special-heading-tag{\nfont-size:0.8em;\n}\n}\n<\/style>\n<div  class='av-special-heading av-650tby-38aed809e20cb14803f1cc03c1a298d4 av-special-heading-h6 custom-color-heading blockquote modern-quote modern-centered  avia-builder-el-1  avia-builder-el-no-sibling  av-inherit-size'><h6 class='av-special-heading-tag '  itemprop=\"headline\"  >\u00dcber uns<\/h6><div class=\"special-heading-border\"><div class=\"special-heading-inner-border\"><\/div><\/div><\/div>\n\n<\/div><\/div><\/main><!-- close content main element --><\/div><\/div><\/div><div id='av_section_2'  class='avia-section av-61v5ie-290bcf8dde768799cbe60b4b1e7bcd97 main_color avia-section-default avia-no-shadow  avia-builder-el-2  el_after_av_section  el_before_av_section  avia-bg-style-scroll container_wrap sidebar_right'  ><div class='container av-section-cont-open' ><div class='template-page content  av-content-small alpha units'><div class='post-entry post-entry-type-page post-entry-4452'><div class='entry-content-wrapper clearfix'>\n\n<style type=\"text\/css\" data-created_by=\"avia_inline_auto\" id=\"style-css-av-5xt6vq-a020abc20f35df0f848656ad8615cf3d\">\n.flex_column.av-5xt6vq-a020abc20f35df0f848656ad8615cf3d{\nborder-radius:0px 0px 0px 0px;\npadding:0px 0px 0px 0px;\n}\n<\/style>\n<div  class='flex_column av-5xt6vq-a020abc20f35df0f848656ad8615cf3d av_one_half  avia-builder-el-3  el_before_av_one_half  avia-builder-el-first  first flex_column_div av-animated-generic bottom-to-top av-zero-column-padding  '     ><p>\n<style type=\"text\/css\" data-created_by=\"avia_inline_auto\" id=\"style-css-av-fuls6-9f2adadd124daba0f5fec2d34e88d8eb\">\n#top .av-special-heading.av-fuls6-9f2adadd124daba0f5fec2d34e88d8eb{\npadding-bottom:20px;\nfont-size:34px;\n}\nbody .av-special-heading.av-fuls6-9f2adadd124daba0f5fec2d34e88d8eb .av-special-heading-tag .heading-char{\nfont-size:25px;\n}\n#top #wrap_all .av-special-heading.av-fuls6-9f2adadd124daba0f5fec2d34e88d8eb .av-special-heading-tag{\nfont-size:34px;\n}\n.av-special-heading.av-fuls6-9f2adadd124daba0f5fec2d34e88d8eb .av-subheading{\nfont-size:15px;\n}\n\n@media only screen and (min-width: 480px) and (max-width: 767px){ \n#top #wrap_all .av-special-heading.av-fuls6-9f2adadd124daba0f5fec2d34e88d8eb .av-special-heading-tag{\nfont-size:0.8em;\n}\n}\n\n@media only screen and (max-width: 479px){ \n#top #wrap_all .av-special-heading.av-fuls6-9f2adadd124daba0f5fec2d34e88d8eb .av-special-heading-tag{\nfont-size:0.8em;\n}\n}\n<\/style>\n<div  class='av-special-heading av-fuls6-9f2adadd124daba0f5fec2d34e88d8eb av-special-heading-h3 blockquote modern-quote  avia-builder-el-4  el_before_av_textblock  avia-builder-el-first  av-inherit-size'><div class='av-subheading av-subheading_above'><p>Lassen Sie uns vorstellen<\/p>\n<\/div><h3 class='av-special-heading-tag '  itemprop=\"headline\"  > Kleiner \u00dcberblick \u00dcber uns<\/h3><div class=\"special-heading-border\"><div class=\"special-heading-inner-border\"><\/div><\/div><\/div><br \/>\n<section  class='av_textblock_section av-5i6ua6-7b7783f1479607d9fc2e0b9a73a6cf8f '   itemscope=\"itemscope\" itemtype=\"https:\/\/schema.org\/CreativeWork\" ><div class='avia_textblock'  itemprop=\"text\" ><p> Axa Tours Egypt ist ein Teil von Axa International. Wir sind ein f\u00fchrendes Unternehmen f\u00fcr Touren (Safari, Schnorcheln, Tauchen, Transfers, Marsa Allam, Kairo, Assuan, Sharmelshekh, Hurgada, Luxor)<br \/>\n mit dem Hauptsitz in Hurghada und anderen Niederlassungen in Kairo, Sharm El Sheikh, Marsa Alam und Luxor; Mit seiner fast 18-j\u00e4hrigen Erfahrung spielt Axa eine Schl\u00fcsselrolle bei der Entwicklung des Tourismus in \u00c4gypten. Wir bieten einen 24-Stunden-Service und ein Backoffice, um unseren Kunden einen zufriedenstellenden Service und unvergessliche Reisen zu leisten. Dar\u00fcber hinaus bieten wir Transfers an jedem Bestimmungsort, wettbewerbsf\u00e4hige Preise und die Garantie f\u00fcr h\u00f6chste Qualit\u00e4t und Sicherheit.<br \/>\nZu unseren Kunden z\u00e4hlen gro\u00dfe Reiseveranstalter aus Italien, Gro\u00dfbritannien, Schweden, Norwegen, Russland, Kanada, den Niederlanden, der T\u00fcrkei und der Tschechischen Republik.<\/p>\n<\/div><\/section><\/p><\/div>\n<style type=\"text\/css\" data-created_by=\"avia_inline_auto\" id=\"style-css-av-5bf19y-375411a4322848d5e246ea0176b319f5\">\n.flex_column.av-5bf19y-375411a4322848d5e246ea0176b319f5{\nborder-radius:0px 0px 0px 0px;\npadding:0px 0px 0px 0px;\n}\n<\/style>\n<div  class='flex_column av-5bf19y-375411a4322848d5e246ea0176b319f5 av_one_half  avia-builder-el-6  el_after_av_one_half  avia-builder-el-last  flex_column_div av-animated-generic bottom-to-top av-zero-column-padding  '     ><p>\n<style type=\"text\/css\" data-created_by=\"avia_inline_auto\" id=\"style-css-av-bpdva-cae2046c4cb73d6aa2c730a94a243424\">\n#top .av-special-heading.av-bpdva-cae2046c4cb73d6aa2c730a94a243424{\npadding-bottom:20px;\nfont-size:34px;\n}\nbody .av-special-heading.av-bpdva-cae2046c4cb73d6aa2c730a94a243424 .av-special-heading-tag .heading-char{\nfont-size:25px;\n}\n#top #wrap_all .av-special-heading.av-bpdva-cae2046c4cb73d6aa2c730a94a243424 .av-special-heading-tag{\nfont-size:34px;\n}\n.av-special-heading.av-bpdva-cae2046c4cb73d6aa2c730a94a243424 .av-subheading{\nfont-size:15px;\n}\n\n@media only screen and (min-width: 480px) and (max-width: 767px){ \n#top #wrap_all .av-special-heading.av-bpdva-cae2046c4cb73d6aa2c730a94a243424 .av-special-heading-tag{\nfont-size:0.8em;\n}\n}\n\n@media only screen and (max-width: 479px){ \n#top #wrap_all .av-special-heading.av-bpdva-cae2046c4cb73d6aa2c730a94a243424 .av-special-heading-tag{\nfont-size:0.8em;\n}\n}\n<\/style>\n<div  class='av-special-heading av-bpdva-cae2046c4cb73d6aa2c730a94a243424 av-special-heading-h3 blockquote modern-quote  avia-builder-el-7  el_before_av_textblock  avia-builder-el-first  av-inherit-size av-linked-heading'><div class='av-subheading av-subheading_above'><p>Wie es dazu kam &#8230;<\/p>\n<\/div><h3 class='av-special-heading-tag '  itemprop=\"headline\"  >Es ist nicht haupts\u00e4chlich f\u00fcr das Gesch\u00e4ft, es ist mehr als das<\/h3><div class=\"special-heading-border\"><div class=\"special-heading-inner-border\"><\/div><\/div><\/div><br \/>\n<section  class='av_textblock_section av-535wim-093b081a3b819446f74b2a1028d44d75 '   itemscope=\"itemscope\" itemtype=\"https:\/\/schema.org\/CreativeWork\" ><div class='avia_textblock'  itemprop=\"text\" ><p>Als wir vor 18 Jahren angefangen haben, haben wir uns entschlossen, es nicht nur f\u00fcr gesch\u00e4ftliche Zwecke zu machen, sondern auch als Unterst\u00fctzung und Hilfe f\u00fcr alle Besucher \u00c4gyptens zu sein. Deshalb haben wir \u00fcberall in \u00c4gypten eine 24\/7-Leitung, die Hilfe oder Beratung ben\u00f6tigen, auch wenn sie nicht unsere Kunden sind.<br \/>\nGrunds\u00e4tzlich lieben wir es, wenn sich alle, die nach \u00c4gypten kommen, gl\u00fccklich, sicher und von wahren Freunden umgeben f\u00fchlen, die gerne Hilfe leisten.<\/p>\n<\/div><\/section><\/p><\/div><\/div><\/div><\/div><!-- close content main div --><\/div><\/div><div id='av_section_3'  class='avia-section av-4y44ja-90867751b85b0051c27ad629d4019f16 alternate_color avia-section-large avia-no-border-styling  avia-builder-el-9  el_after_av_section  el_before_av_section  avia-bg-style-scroll container_wrap sidebar_right'  ><div class='container av-section-cont-open' ><div class='template-page content  av-content-small alpha units'><div class='post-entry post-entry-type-page post-entry-4452'><div class='entry-content-wrapper clearfix'>\n\n<style type=\"text\/css\" data-created_by=\"avia_inline_auto\" id=\"style-css-av-bpx5q-d9ecdc7605e3c1ede98c761ec6a030f7\">\n#top .av-special-heading.av-bpx5q-d9ecdc7605e3c1ede98c761ec6a030f7{\npadding-bottom:70px;\nfont-size:34px;\n}\nbody .av-special-heading.av-bpx5q-d9ecdc7605e3c1ede98c761ec6a030f7 .av-special-heading-tag .heading-char{\nfont-size:25px;\n}\n#top #wrap_all .av-special-heading.av-bpx5q-d9ecdc7605e3c1ede98c761ec6a030f7 .av-special-heading-tag{\nfont-size:34px;\n}\n.av-special-heading.av-bpx5q-d9ecdc7605e3c1ede98c761ec6a030f7 .av-subheading{\nfont-size:15px;\n}\n\n@media only screen and (min-width: 480px) and (max-width: 767px){ \n#top #wrap_all .av-special-heading.av-bpx5q-d9ecdc7605e3c1ede98c761ec6a030f7 .av-special-heading-tag{\nfont-size:0.8em;\n}\n}\n\n@media only screen and (max-width: 479px){ \n#top #wrap_all .av-special-heading.av-bpx5q-d9ecdc7605e3c1ede98c761ec6a030f7 .av-special-heading-tag{\nfont-size:0.8em;\n}\n}\n<\/style>\n<div  class='av-special-heading av-bpx5q-d9ecdc7605e3c1ede98c761ec6a030f7 av-special-heading-h3 blockquote modern-quote modern-centered  avia-builder-el-10  el_before_av_one_half  avia-builder-el-first  av-inherit-size'><div class='av-subheading av-subheading_above'><p>Eine gro\u00dfartige Agentur<\/p>\n<\/div><h3 class='av-special-heading-tag '  itemprop=\"headline\"  >Was wir Ihnen anbieten k\u00f6nnen<\/h3><div class=\"special-heading-border\"><div class=\"special-heading-inner-border\"><\/div><\/div><\/div>\n<div  class='flex_column av-4kv2xa-19a39bbeb481df60b277a6c2c3bdf5e3 av_one_half  avia-builder-el-11  el_after_av_heading  el_before_av_one_half  first flex_column_div  '     ><article  class='iconbox iconbox_left_content av-4dewlq-eaeec77a9fb4b242d73b6cc636a07156  avia-builder-el-12  avia-builder-el-no-sibling '  itemscope=\"itemscope\" itemtype=\"https:\/\/schema.org\/CreativeWork\" ><div class='iconbox_icon heading-color avia-iconfont avia-font-entypo-fontello' data-av_icon='\ue8b1' data-av_iconfont='entypo-fontello'  ><\/div><div class=\"iconbox_content\"><header class=\"entry-content-header\" aria-label=\"Icon: Personaldienstleister\"><h3 class='iconbox_content_title '  itemprop=\"headline\" >Personaldienstleister<\/h3><\/header><div class='iconbox_content_container '  itemprop=\"text\" ><p>Wir helfen Ihnen gerne weiter und helfen den Besuchern \u00c4gyptens, auch wenn sie nicht bei uns gebucht haben<\/p>\n<\/div><\/div><footer class=\"entry-footer\"><\/footer><\/article><\/div>\n<style type=\"text\/css\" data-created_by=\"avia_inline_auto\" id=\"style-css-av-4agdq6-1e539cd793556cfafb42a4f172a2a718\">\n.flex_column.av-4agdq6-1e539cd793556cfafb42a4f172a2a718{\nborder-radius:0px 0px 0px 0px;\npadding:0px 0px 0px 0px;\n}\n<\/style>\n<div  class='flex_column av-4agdq6-1e539cd793556cfafb42a4f172a2a718 av_one_half  avia-builder-el-13  el_after_av_one_half  el_before_av_one_half  flex_column_div av-zero-column-padding  '     ><article  class='iconbox iconbox_left_content av-44bame-25ce021368ae235718ee567a61343deb  avia-builder-el-14  avia-builder-el-no-sibling '  itemscope=\"itemscope\" itemtype=\"https:\/\/schema.org\/CreativeWork\" ><div class='iconbox_icon heading-color avia-iconfont avia-font-entypo-fontello' data-av_icon='\ue808' data-av_iconfont='entypo-fontello'  ><\/div><div class=\"iconbox_content\"><header class=\"entry-content-header\" aria-label=\"Icon: Exklusive Touren\"><h3 class='iconbox_content_title '  itemprop=\"headline\" >Exklusive Touren<\/h3><\/header><div class='iconbox_content_container '  itemprop=\"text\" ><p>Wir sind stolz darauf, einige exklusive Ausfl\u00fcge an vielen Orten in \u00c4gypten anbieten zu k\u00f6nnen<\/p>\n<\/div><\/div><footer class=\"entry-footer\"><\/footer><\/article><\/div><div  class='flex_column av-3ug9ra-a44d406860f5796144b8aa70ce2d1520 av_one_half  avia-builder-el-15  el_after_av_one_half  el_before_av_one_half  first flex_column_div  column-top-margin'     ><article  class='iconbox iconbox_left_content av-3sl8y6-f4f215129002ea296d5b9eb170af8d96  avia-builder-el-16  avia-builder-el-no-sibling '  itemscope=\"itemscope\" itemtype=\"https:\/\/schema.org\/CreativeWork\" ><div class='iconbox_icon heading-color avia-iconfont avia-font-entypo-fontello' data-av_icon='\ue824' data-av_iconfont='entypo-fontello'  ><\/div><div class=\"iconbox_content\"><header class=\"entry-content-header\" aria-label=\"Icon: Sichere Bezahlung\"><h3 class='iconbox_content_title '  itemprop=\"headline\" >Sichere Bezahlung<\/h3><\/header><div class='iconbox_content_container '  itemprop=\"text\" ><p>Wenn es um Zahlung und Kreditkarte geht, garantieren wir Ihre Privatsph\u00e4re und ein sehr hohes Ma\u00df an Sicherheit<\/p>\n<\/div><\/div><footer class=\"entry-footer\"><\/footer><\/article><\/div>\n<style type=\"text\/css\" data-created_by=\"avia_inline_auto\" id=\"style-css-av-3iz0fy-d7c1c135e1bd5a6d3a87aaadedb3b208\">\n.flex_column.av-3iz0fy-d7c1c135e1bd5a6d3a87aaadedb3b208{\nborder-radius:0px 0px 0px 0px;\npadding:0px 0px 0px 0px;\n}\n<\/style>\n<div  class='flex_column av-3iz0fy-d7c1c135e1bd5a6d3a87aaadedb3b208 av_one_half  avia-builder-el-17  el_after_av_one_half  el_before_av_one_half  flex_column_div av-zero-column-padding  column-top-margin'     ><article  class='iconbox iconbox_left_content av-3h0hv2-cae61aa5e4d0b0f75baab7187db554b8  avia-builder-el-18  avia-builder-el-no-sibling '  itemscope=\"itemscope\" itemtype=\"https:\/\/schema.org\/CreativeWork\" ><div class='iconbox_icon heading-color avia-iconfont avia-font-entypo-fontello' data-av_icon='\ue8b6' data-av_iconfont='entypo-fontello'  ><\/div><div class=\"iconbox_content\"><header class=\"entry-content-header\" aria-label=\"Icon: Keine Stornogeb\u00fchr\"><h3 class='iconbox_content_title '  itemprop=\"headline\" >Keine Stornogeb\u00fchr<\/h3><\/header><div class='iconbox_content_container '  itemprop=\"text\" ><p>Bei uns wird eine Stornierungsgeb\u00fchr erhoben, wenn Sie 24 Stunden vor der Abholzeit der Reise stornieren<\/p>\n<\/div><\/div><footer class=\"entry-footer\"><\/footer><\/article><\/div><div  class='flex_column av-2imr7y-f1ed675a40f3d57e33d351b80b8d8bfd av_one_half  avia-builder-el-19  el_after_av_one_half  el_before_av_one_half  first flex_column_div  column-top-margin'     ><article  class='iconbox iconbox_left_content av-2cyuxy-669028d5562b41b5b69e55b5bde57400  avia-builder-el-20  avia-builder-el-no-sibling '  itemscope=\"itemscope\" itemtype=\"https:\/\/schema.org\/CreativeWork\" ><div class='iconbox_icon heading-color avia-iconfont avia-font-entypo-fontello' data-av_icon='\ue8b9' data-av_iconfont='entypo-fontello'  ><\/div><div class=\"iconbox_content\"><header class=\"entry-content-header\" aria-label=\"Icon: 24\/7 Support\"><h3 class='iconbox_content_title '  itemprop=\"headline\" >24\/7 Support<\/h3><\/header><div class='iconbox_content_container '  itemprop=\"text\" ><p>Wir bieten rund um die Uhr Unterst\u00fctzung und beantworten alle Fragen mit einem mehrsprachigen Team<\/p>\n<\/div><\/div><footer class=\"entry-footer\"><\/footer><\/article><\/div>\n<style type=\"text\/css\" data-created_by=\"avia_inline_auto\" id=\"style-css-av-270s5i-89ce52f22c03917cd3861f5629aaf1e6\">\n.flex_column.av-270s5i-89ce52f22c03917cd3861f5629aaf1e6{\nborder-radius:0px 0px 0px 0px;\npadding:0px 0px 0px 0px;\n}\n<\/style>\n<div  class='flex_column av-270s5i-89ce52f22c03917cd3861f5629aaf1e6 av_one_half  avia-builder-el-21  el_after_av_one_half  avia-builder-el-last  flex_column_div av-zero-column-padding  column-top-margin'     ><article  class='iconbox iconbox_left_content av-256xs6-70653543ff68b106aa9e127d0e0db77e  avia-builder-el-22  avia-builder-el-no-sibling '  itemscope=\"itemscope\" itemtype=\"https:\/\/schema.org\/CreativeWork\" ><div class='iconbox_icon heading-color avia-iconfont avia-font-entypo-fontello' data-av_icon='\ue841' data-av_iconfont='entypo-fontello'  ><\/div><div class=\"iconbox_content\"><header class=\"entry-content-header\" aria-label=\"Icon: Tolle Touren\"><h3 class='iconbox_content_title '  itemprop=\"headline\" >Tolle Touren<\/h3><\/header><div class='iconbox_content_container '  itemprop=\"text\" ><p>Wir tun unser Bestes, um mehr zu liefern, als wir versprechen, und um die Touren voller Spa\u00df und aufregender Dinge unvergesslich zu machen<\/p>\n<\/div><\/div><footer class=\"entry-footer\"><\/footer><\/article><\/div>\n<\/p>\n<\/div><\/div><\/div><!-- close content main div --><\/div><\/div>\n<style type=\"text\/css\" data-created_by=\"avia_inline_auto\" id=\"style-css-av-6rcx2-6e0cfbb6d14184295f29a07426648af8\">\n.avia-section.av-6rcx2-6e0cfbb6d14184295f29a07426648af8 .av-section-color-overlay{\nopacity:0.3;\nbackground-color:#000000;\n}\n<\/style>\n<div id='av_section_4'  class='avia-section av-6rcx2-6e0cfbb6d14184295f29a07426648af8 main_color avia-section-large avia-no-border-styling  avia-builder-el-23  el_after_av_section  avia-builder-el-last  avia-bg-style-parallax av-section-color-overlay-active container_wrap sidebar_right'  ><div class=\"av-section-color-overlay-wrap\"><div class=\"av-section-color-overlay\"><\/div><div class='container av-section-cont-open' ><div class='template-page content  av-content-small alpha units'><div class='post-entry post-entry-type-page post-entry-4452'><div class='entry-content-wrapper clearfix'>\n<div  class='flex_column av-1ogp86-6f782f319b65a112e8fb0b61f4abf5bf av_one_fifth  avia-builder-el-24  el_before_av_one_fifth  avia-builder-el-first  first flex_column_div  '     ><div  class=\"avia-animated-number av-1j62km-60a73c067595eedc49562dcab0a69f48 av-force-default-color avia_animate_when_visible  avia-builder-el-25  avia-builder-el-no-sibling  avia-color-font-light \" data-timer=\"3000\"><strong class=\"heading avia-animated-number-title\"><span class=\"avia-single-number __av-single-number\" data-number_format=\"\" data-number=\"18\" data-start_from=\"0\">18<\/span><\/strong><div class=\"avia-animated-number-content\"><p>Langj\u00e4hrige Erfahrung<\/p>\n<\/div><\/div><\/div>\n<style type=\"text\/css\" data-created_by=\"avia_inline_auto\" id=\"style-css-av-1flcba-f111fc67fb15e85a04bcc4e23719f625\">\n.flex_column.av-1flcba-f111fc67fb15e85a04bcc4e23719f625{\nborder-radius:0px 0px 0px 0px;\npadding:0px 0px 0px 0px;\n}\n<\/style>\n<div  class='flex_column av-1flcba-f111fc67fb15e85a04bcc4e23719f625 av_one_fifth  avia-builder-el-26  el_after_av_one_fifth  el_before_av_one_fifth  flex_column_div av-zero-column-padding  '     ><div  class=\"avia-animated-number av-18m86u-f9dfb89891262c09a86f5b71cecf1108 av-force-default-color avia_animate_when_visible  avia-builder-el-27  avia-builder-el-no-sibling  avia-color-font-light \" data-timer=\"3000\"><strong class=\"heading avia-animated-number-title\"><span class=\"avia-single-number __av-single-number\" data-number_format=\"\" data-number=\"120\" data-start_from=\"0\">120<\/span><\/strong><div class=\"avia-animated-number-content\"><p>Teammitglieder<\/p>\n<\/div><\/div><\/div>\n<style type=\"text\/css\" data-created_by=\"avia_inline_auto\" id=\"style-css-av-3t75q-84af52df2b7d2a2ea6b714d47d247a54\">\n.flex_column.av-3t75q-84af52df2b7d2a2ea6b714d47d247a54{\nborder-radius:0px 0px 0px 0px;\npadding:0px 0px 0px 0px;\n}\n<\/style>\n<div  class='flex_column av-3t75q-84af52df2b7d2a2ea6b714d47d247a54 av_one_fifth  avia-builder-el-28  el_after_av_one_fifth  el_before_av_one_fifth  flex_column_div av-zero-column-padding  '     ><div  class=\"avia-animated-number av-3b4p2-18b99b3cc3becdf7769b3a67ca2f0ffe av-force-default-color avia_animate_when_visible  avia-builder-el-29  avia-builder-el-no-sibling  avia-color-font-light \" data-timer=\"3000\"><strong class=\"heading avia-animated-number-title\"><span class=\"avia-single-number __av-single-number\" data-number_format=\"\" data-number=\"22500\" data-start_from=\"0\">22500<\/span><\/strong><div class=\"avia-animated-number-content\"><p>Kundendienst<\/p>\n<\/div><\/div><\/div>\n<style type=\"text\/css\" data-created_by=\"avia_inline_auto\" id=\"style-css-av-t308u-38f27190f7d0de3758efdea8b986fedc\">\n.flex_column.av-t308u-38f27190f7d0de3758efdea8b986fedc{\nborder-radius:0px 0px 0px 0px;\npadding:0px 0px 0px 0px;\n}\n<\/style>\n<div  class='flex_column av-t308u-38f27190f7d0de3758efdea8b986fedc av_one_fifth  avia-builder-el-30  el_after_av_one_fifth  el_before_av_one_fifth  flex_column_div av-zero-column-padding  '     ><div  class=\"avia-animated-number av-m1ona-e7b3889fa2f108dbd1babb01b2c48afa av-force-default-color avia_animate_when_visible  avia-builder-el-31  avia-builder-el-no-sibling  avia-color-font-light \" data-timer=\"3000\"><strong class=\"heading avia-animated-number-title\"><span class=\"avia-single-number __av-single-number\" data-number_format=\"\" data-number=\"10\" data-start_from=\"0\">10<\/span><\/strong><div class=\"avia-animated-number-content\"><p>Reiseziele<\/p>\n<\/div><\/div><\/div>\n<style type=\"text\/css\" data-created_by=\"avia_inline_auto\" id=\"style-css-av-feib2-12f67fe6283027eb8e4bcb369a684cf5\">\n.flex_column.av-feib2-12f67fe6283027eb8e4bcb369a684cf5{\nborder-radius:0px 0px 0px 0px;\npadding:0px 0px 0px 0px;\n}\n<\/style>\n<div  class='flex_column av-feib2-12f67fe6283027eb8e4bcb369a684cf5 av_one_fifth  avia-builder-el-32  el_after_av_one_fifth  avia-builder-el-last  flex_column_div av-zero-column-padding  '     ><div  class=\"avia-animated-number av-14vke-434ec21f2dc8c8b8e5379ec48985e6e5 av-force-default-color avia_animate_when_visible  avia-builder-el-33  avia-builder-el-no-sibling  avia-color-font-light \" data-timer=\"3000\"><strong class=\"heading avia-animated-number-title\"><span class=\"avia-single-number __av-single-number\" data-number_format=\"\" data-number=\"140\" data-start_from=\"0\">140<\/span><\/strong><div class=\"avia-animated-number-content\"><p>Angebote<\/p>\n<\/div><\/div><\/div>\n<\/div><\/div><\/div><!-- close content main div --><\/div><\/div><\/div><div id='after_section_4'  class='main_color av_default_container_wrap container_wrap sidebar_right'  ><div class='container av-section-cont-open' ><div class='template-page content  av-content-small alpha units'><div class='post-entry post-entry-type-page post-entry-4452'><div class='entry-content-wrapper clearfix'>\n","protected":false},"excerpt":{"rendered":"","protected":false},"author":1,"featured_media":0,"parent":0,"menu_order":0,"comment_status":"open","ping_status":"closed","template":"","meta":{"_monsterinsights_skip_tracking":false,"_monsterinsights_sitenote_active":false,"_monsterinsights_sitenote_note":"","_monsterinsights_sitenote_category":0,"footnotes":""},"class_list":["post-4452","page","type-page","status-publish","hentry"],"_links":{"self":[{"href":"https:\/\/axatours.com\/de\/wp-json\/wp\/v2\/pages\/4452","targetHints":{"allow":["GET"]}}],"collection":[{"href":"https:\/\/axatours.com\/de\/wp-json\/wp\/v2\/pages"}],"about":[{"href":"https:\/\/axatours.com\/de\/wp-json\/wp\/v2\/types\/page"}],"author":[{"embeddable":true,"href":"https:\/\/axatours.com\/de\/wp-json\/wp\/v2\/users\/1"}],"replies":[{"embeddable":true,"href":"https:\/\/axatours.com\/de\/wp-json\/wp\/v2\/comments?post=4452"}],"version-history":[{"count":3,"href":"https:\/\/axatours.com\/de\/wp-json\/wp\/v2\/pages\/4452\/revisions"}],"predecessor-version":[{"id":8186,"href":"https:\/\/axatours.com\/de\/wp-json\/wp\/v2\/pages\/4452\/revisions\/8186"}],"wp:attachment":[{"href":"https:\/\/axatours.com\/de\/wp-json\/wp\/v2\/media?parent=4452"}],"curies":[{"name":"wp","href":"https:\/\/api.w.org\/{rel}","templated":true}]}}