{"id":8170,"date":"2023-05-21T00:15:34","date_gmt":"2023-05-21T00:15:34","guid":{"rendered":"https:\/\/axatours.com\/datenschutz-bestimmungen\/"},"modified":"2023-05-21T00:15:35","modified_gmt":"2023-05-21T00:15:35","slug":"datenschutz-bestimmungen","status":"publish","type":"page","link":"https:\/\/axatours.com\/de\/datenschutz-bestimmungen\/","title":{"rendered":"Datenschutz-Bestimmungen"},"content":{"rendered":"\n<h2 class=\"wp-block-heading\">Wer sind wir <\/h2>\n\n<p>Our website address is: http:\/\/localhost\/axa.<\/p>\n\n<h2 class=\"wp-block-heading\">Welche pers\u00f6nlichen Daten wir sammeln und warum wir sie sammeln?<\/h2>\n\n<h3 class=\"wp-block-heading\">Kommentare<\/h3>\n\n<p>Wenn Besucher Kommentare auf der Website hinterlassen, erfassen wir die in dem Kommentarformular angezeigten Daten sowie die IP-Adresse und den Browser-Benutzer-Agenten-String des Besuchers, um Spam zu erkennen.<\/p>\n\n<p>Eine anonymisierte Zeichenfolge, die aus deiner E-Mail-Adresse erstellt wird (auch Hash genannt), kann dem Gravatar-Dienst zur \u00dcberpr\u00fcfung, ob du diesen verwendest, zur Verf\u00fcgung gestellt werden. Die Datenschutzrichtlinie des Gravatar-Dienstes findest du hier: https:\/\/automattic.com\/privacy\/. Nach Genehmigung deines Kommentars ist dein Profilbild im Zusammenhang mit deinem Kommentar f\u00fcr die \u00d6ffentlichkeit sichtbar.<\/p>\n\n<h3 class=\"wp-block-heading\">Medien<\/h3>\n\n<p>Wenn du Bilder auf die Website hochl\u00e4dst, solltest du vermeiden, Bilder mit eingebetteten Standortdaten (EXIF GPS) hochzuladen. Besucher der Website k\u00f6nnen Standortdaten aus Bildern auf der Website herunterladen und extrahieren.<\/p>\n\n<h3 class=\"wp-block-heading\">Kontaktformulare<\/h3>\n\n<h3 class=\"wp-block-heading\">Cookies<\/h3>\n\n<p>Wenn Sie einen Kommentar auf unserer Website hinterlassen, k\u00f6nnen Sie w\u00e4hlen, Ihren Namen, Ihre E-Mail-Adresse und Ihre Website in Cookies zu speichern. Diese dienen Ihrer Bequemlichkeit, damit Sie Ihre Daten nicht erneut eingeben m\u00fcssen, wenn Sie einen weiteren Kommentar hinterlassen. Diese Cookies haben eine G\u00fcltigkeitsdauer von einem Jahr.<\/p>\n\n<p>Wenn Sie \u00fcber ein Konto verf\u00fcgen und sich auf dieser Website anmelden, setzen wir ein tempor\u00e4res Cookie, um festzustellen, ob Ihr Browser Cookies akzeptiert. Dieses Cookie enth\u00e4lt keine pers\u00f6nlichen Daten und wird gel\u00f6scht, sobald Sie Ihren Browser schlie\u00dfen.<\/p>\n\n<p>Wenn Sie sich anmelden, werden auch mehrere Cookies eingerichtet, um Ihre Anmeldeinformationen und Ihre Bildschirmanzeige-Einstellungen zu speichern. Anmelde-Cookies bleiben zwei Tage lang g\u00fcltig, w\u00e4hrend Cookies f\u00fcr Bildschirmoptionen ein Jahr lang g\u00fcltig bleiben. Wenn Sie die Option &#8222;Angemeldet bleiben&#8220; ausw\u00e4hlen, bleibt Ihre Anmeldung zwei Wochen lang bestehen. Wenn Sie sich von Ihrem Konto abmelden, werden die Anmelde-Cookies entfernt.<\/p>\n\n<p>Wenn Sie einen Artikel bearbeiten oder ver\u00f6ffentlichen, wird ein zus\u00e4tzliches Cookie in Ihrem Browser gespeichert. Dieses Cookie enth\u00e4lt keine pers\u00f6nlichen Daten und zeigt lediglich die Beitrag-ID des gerade bearbeiteten Artikels an. Es l\u00e4uft nach 1 Tag ab.<\/p>\n\n<h3 class=\"wp-block-heading\">Eingebetteter Inhalt von anderen Websites<\/h3>\n\n<p>Die Artikel auf dieser Website k\u00f6nnen eingebetteten Inhalt enthalten (z. B. Videos, Bilder, Artikel usw.). Eingebetteter Inhalt von anderen Websites verh\u00e4lt sich genauso, als ob der Besucher die andere Website besucht h\u00e4tte.<\/p>\n\n<p>Diese Websites k\u00f6nnen Daten \u00fcber Sie sammeln, Cookies verwenden, zus\u00e4tzliches Tracking von Drittanbietern einbetten und Ihre Interaktion mit diesem eingebetteten Inhalt \u00fcberwachen. Dies beinhaltet auch das Verfolgen Ihrer Interaktion mit dem eingebetteten Inhalt, wenn Sie \u00fcber ein Konto verf\u00fcgen und auf dieser Website angemeldet sind.<\/p>\n\n<h3 class=\"wp-block-heading\">Analyse<\/h3>\n\n<h2 class=\"wp-block-heading\">Mit wem wir Ihre Daten teilen<\/h2>\n\n<h2 class=\"wp-block-heading\">Wie lange wir Ihre Daten speichern<\/h2>\n\n<p>Wenn Sie einen Kommentar hinterlassen, werden der Kommentar und seine Metadaten unbegrenzt gespeichert. Dadurch k\u00f6nnen wir automatisch eventuelle Folgekommentare erkennen und genehmigen, anstatt sie in einer Moderationswarteschlange zu halten.<\/p>\n\n<p>F\u00fcr Benutzer, die sich auf unserer Website registrieren (sofern vorhanden), speichern wir auch die pers\u00f6nlichen Informationen, die sie in ihrem Benutzerprofil angeben. Alle Benutzer k\u00f6nnen ihre pers\u00f6nlichen Informationen jederzeit einsehen, bearbeiten oder l\u00f6schen (au\u00dfer dem Benutzernamen, den sie nicht \u00e4ndern k\u00f6nnen). Website-Administratoren k\u00f6nnen diese Informationen ebenfalls einsehen und bearbeiten.<\/p>\n\n<h2 class=\"wp-block-heading\">Welche Rechte Sie in Bezug auf Ihre Daten haben<\/h2>\n\n<p>Wenn Sie ein Konto auf dieser Website haben oder Kommentare hinterlassen haben, k\u00f6nnen Sie beantragen, eine exportierte Datei der personenbezogenen Daten, die wir \u00fcber Sie halten, zu erhalten, einschlie\u00dflich aller von Ihnen bereitgestellten Daten. Sie k\u00f6nnen auch verlangen, dass wir alle personenbezogenen Daten, die wir \u00fcber Sie halten, l\u00f6schen. Dies beinhaltet jedoch keine Daten, die wir aus administrativen, rechtlichen oder Sicherheitsgr\u00fcnden aufbewahren m\u00fcssen.<\/p>\n\n<h2 class=\"wp-block-heading\">Wohin wir Ihre Daten senden<\/h2>\n\n<p>Besucher-Kommentare k\u00f6nnen durch einen automatisierten Spam-Erkennungsdienst \u00fcberpr\u00fcft werden.<\/p>\n\n<h2 class=\"wp-block-heading\">Ihre Kontaktdaten<\/h2>\n\n<h2 class=\"wp-block-heading\">Zus\u00e4tzliche Informationen<\/h2>\n\n<h3 class=\"wp-block-heading\">Wie wir Ihre Daten sch\u00fctzen<\/h3>\n\n<h3 class=\"wp-block-heading\">Welche Ma\u00dfnahmen wir bei einem Datenleck haben<\/h3>\n\n<h3 class=\"wp-block-heading\">Von welchen Drittanbietern wir Daten erhalten<\/h3>\n\n<h3 class=\"wp-block-heading\">Welche automatisierte Entscheidungsfindung und\/oder Profilerstellung wir mit Benutzerdaten durchf\u00fchren<\/h3>\n\n<h3 class=\"wp-block-heading\">Offenlegungspflichten der Industrieregulierung<\/h3>\n","protected":false},"excerpt":{"rendered":"<p>Wer sind wir Our website address is: http:\/\/localhost\/axa. Welche pers\u00f6nlichen Daten wir sammeln und warum wir sie sammeln? Kommentare Wenn Besucher Kommentare auf der Website hinterlassen, erfassen wir die in dem Kommentarformular angezeigten Daten sowie die IP-Adresse und den Browser-Benutzer-Agenten-String des Besuchers, um Spam zu erkennen. Eine anonymisierte Zeichenfolge, die aus deiner E-Mail-Adresse erstellt wird [&hellip;]<\/p>\n","protected":false},"author":1,"featured_media":0,"parent":0,"menu_order":0,"comment_status":"closed","ping_status":"closed","template":"","meta":{"_monsterinsights_skip_tracking":false,"_monsterinsights_sitenote_active":false,"_monsterinsights_sitenote_note":"","_monsterinsights_sitenote_category":0,"footnotes":""},"class_list":["post-8170","page","type-page","status-publish","hentry"],"_links":{"self":[{"href":"https:\/\/axatours.com\/de\/wp-json\/wp\/v2\/pages\/8170","targetHints":{"allow":["GET"]}}],"collection":[{"href":"https:\/\/axatours.com\/de\/wp-json\/wp\/v2\/pages"}],"about":[{"href":"https:\/\/axatours.com\/de\/wp-json\/wp\/v2\/types\/page"}],"author":[{"embeddable":true,"href":"https:\/\/axatours.com\/de\/wp-json\/wp\/v2\/users\/1"}],"replies":[{"embeddable":true,"href":"https:\/\/axatours.com\/de\/wp-json\/wp\/v2\/comments?post=8170"}],"version-history":[{"count":1,"href":"https:\/\/axatours.com\/de\/wp-json\/wp\/v2\/pages\/8170\/revisions"}],"predecessor-version":[{"id":8171,"href":"https:\/\/axatours.com\/de\/wp-json\/wp\/v2\/pages\/8170\/revisions\/8171"}],"wp:attachment":[{"href":"https:\/\/axatours.com\/de\/wp-json\/wp\/v2\/media?parent=8170"}],"curies":[{"name":"wp","href":"https:\/\/api.w.org\/{rel}","templated":true}]}}