{"id":8172,"date":"2023-05-21T00:19:20","date_gmt":"2023-05-21T00:19:20","guid":{"rendered":"https:\/\/axatours.com\/bezahlung\/"},"modified":"2023-05-21T00:19:21","modified_gmt":"2023-05-21T00:19:21","slug":"bezahlung","status":"publish","type":"page","link":"https:\/\/axatours.com\/de\/bezahlung\/","title":{"rendered":"Bezahlung"},"content":{"rendered":"<div id='av_section_1'  class='avia-section av-61v5ie-290bcf8dde768799cbe60b4b1e7bcd97 main_color avia-section-default avia-no-shadow  avia-builder-el-0  avia-builder-el-no-sibling  avia-bg-style-scroll container_wrap sidebar_right'  ><div class='container av-section-cont-open' ><main  role=\"main\" itemprop=\"mainContentOfPage\"  class='template-page content  av-content-small alpha units'><div class='post-entry post-entry-type-page post-entry-8172'><div class='entry-content-wrapper clearfix'>\n\n<style type=\"text\/css\" data-created_by=\"avia_inline_auto\" id=\"style-css-av-5xt6vq-a020abc20f35df0f848656ad8615cf3d\">\n.flex_column.av-5xt6vq-a020abc20f35df0f848656ad8615cf3d{\nborder-radius:0px 0px 0px 0px;\npadding:0px 0px 0px 0px;\n}\n<\/style>\n<div  class='flex_column av-5xt6vq-a020abc20f35df0f848656ad8615cf3d av_one_half  avia-builder-el-1  avia-builder-el-no-sibling  first flex_column_div av-animated-generic bottom-to-top av-zero-column-padding  '     ><p>\n<style type=\"text\/css\" data-created_by=\"avia_inline_auto\" id=\"style-css-av-35tobr-b9ba8e43e70d9fdcfddbc8c0dfa0eecf\">\n#top .av-special-heading.av-35tobr-b9ba8e43e70d9fdcfddbc8c0dfa0eecf{\npadding-bottom:20px;\nfont-size:34px;\n}\nbody .av-special-heading.av-35tobr-b9ba8e43e70d9fdcfddbc8c0dfa0eecf .av-special-heading-tag .heading-char{\nfont-size:25px;\n}\n#top #wrap_all .av-special-heading.av-35tobr-b9ba8e43e70d9fdcfddbc8c0dfa0eecf .av-special-heading-tag{\nfont-size:34px;\n}\n.av-special-heading.av-35tobr-b9ba8e43e70d9fdcfddbc8c0dfa0eecf .av-subheading{\nfont-size:15px;\n}\n\n@media only screen and (min-width: 480px) and (max-width: 767px){ \n#top #wrap_all .av-special-heading.av-35tobr-b9ba8e43e70d9fdcfddbc8c0dfa0eecf .av-special-heading-tag{\nfont-size:0.8em;\n}\n}\n\n@media only screen and (max-width: 479px){ \n#top #wrap_all .av-special-heading.av-35tobr-b9ba8e43e70d9fdcfddbc8c0dfa0eecf .av-special-heading-tag{\nfont-size:0.8em;\n}\n}\n<\/style>\n<div  class='av-special-heading av-35tobr-b9ba8e43e70d9fdcfddbc8c0dfa0eecf av-special-heading-h3 blockquote modern-quote  avia-builder-el-2  el_before_av_textblock  avia-builder-el-first  av-inherit-size av-linked-heading'><div class='av-subheading av-subheading_above'><p>Lassen Sie uns selbst vorstellen.<\/p>\n<\/div><h3 class='av-special-heading-tag '  itemprop=\"headline\"  >Zahlungsbedingungen<\/h3><div class=\"special-heading-border\"><div class=\"special-heading-inner-border\"><\/div><\/div><\/div><br \/>\n\n<style type=\"text\/css\" data-created_by=\"avia_inline_auto\" id=\"style-css-av-5i6ua6-1334045330b3c64218a11d18a1897dab\">\n#top .av_textblock_section.av-5i6ua6-1334045330b3c64218a11d18a1897dab .avia_textblock{\nfont-size:16px;\ncolor:#0a0a0a;\n}\n<\/style>\n<section  class='av_textblock_section av-5i6ua6-1334045330b3c64218a11d18a1897dab '   itemscope=\"itemscope\" itemtype=\"https:\/\/schema.org\/CreativeWork\" ><div class='avia_textblock av_inherit_color'  itemprop=\"text\" ><p>Kreditkartenzahlungen werden von Trekksoft AG im Auftrag von Axa Tours abgewickelt. Dementsprechend erscheint Trekksoft AG als TREKKSOFT*TOUR BOOKING auf Ihrem Kreditkartenabrechnungsauszug. Die Domain, auf der Sie Ihre Zahlung eingeben und verarbeiten, geh\u00f6rt und wird von TrekkSoft AG betrieben. Alle Zahlungen sind bei Erhalt f\u00e4llig.<\/p>\n<p>Falls die Zahlung nicht eingegangen ist, die Zahlungsmethode abgelehnt wird oder eine R\u00fcckbuchung erfolgt, verwirkt der K\u00e4ufer das Eigentum an den erworbenen Gegenst\u00e4nden. Wenn keine Zahlung eingegangen ist oder der K\u00e4ufer nach dem Tourdatum eine R\u00fcckbuchung vornimmt, hat unser Drittanbieter Trekksoft das Recht, dies anzufechten.<\/p>\n<p>Optional Touren wie beispielsweise der Besuch des Mumiensaals im \u00c4gyptischen Museum, der Eintritt in eine der Pyramiden oder das Grab von Tutanchamun sind, sofern nicht anders angegeben und w\u00e4hrend des Buchungsprozesses hinzugef\u00fcgt, nicht enthalten. Wenn der Kunde sich dazu entscheidet, eine dieser optionalen Besichtigungen durchzuf\u00fchren, werden die erforderlichen Tickets vom Kunden bezahlt.<\/p>\n<p>ANZAHLUNG:<br \/>\nZus\u00e4tzlich bieten wir ein Anzahlungssystem an, um mehr Flexibilit\u00e4t zu gew\u00e4hrleisten. Sie k\u00f6nnen einen Teilbetrag online bezahlen und den Rest zur Abholzeit begleichen, ohne Probleme. Bei Stornierung ist die Anzahlung gem\u00e4\u00df unserer Stornierungsrichtlinie erstattungsf\u00e4hig.<\/p>\n<\/div><\/section><\/p><\/div><\/div><\/div><\/main><!-- close content main element --><\/div><\/div><div id='after_section_1'  class='main_color av_default_container_wrap container_wrap sidebar_right'  ><div class='container av-section-cont-open' ><div class='template-page content  av-content-small alpha units'><div class='post-entry post-entry-type-page post-entry-8172'><div class='entry-content-wrapper clearfix'>\n","protected":false},"excerpt":{"rendered":"","protected":false},"author":1,"featured_media":0,"parent":0,"menu_order":0,"comment_status":"open","ping_status":"closed","template":"","meta":{"_monsterinsights_skip_tracking":false,"_monsterinsights_sitenote_active":false,"_monsterinsights_sitenote_note":"","_monsterinsights_sitenote_category":0,"footnotes":""},"class_list":["post-8172","page","type-page","status-publish","hentry"],"_links":{"self":[{"href":"https:\/\/axatours.com\/de\/wp-json\/wp\/v2\/pages\/8172","targetHints":{"allow":["GET"]}}],"collection":[{"href":"https:\/\/axatours.com\/de\/wp-json\/wp\/v2\/pages"}],"about":[{"href":"https:\/\/axatours.com\/de\/wp-json\/wp\/v2\/types\/page"}],"author":[{"embeddable":true,"href":"https:\/\/axatours.com\/de\/wp-json\/wp\/v2\/users\/1"}],"replies":[{"embeddable":true,"href":"https:\/\/axatours.com\/de\/wp-json\/wp\/v2\/comments?post=8172"}],"version-history":[{"count":2,"href":"https:\/\/axatours.com\/de\/wp-json\/wp\/v2\/pages\/8172\/revisions"}],"predecessor-version":[{"id":8174,"href":"https:\/\/axatours.com\/de\/wp-json\/wp\/v2\/pages\/8172\/revisions\/8174"}],"wp:attachment":[{"href":"https:\/\/axatours.com\/de\/wp-json\/wp\/v2\/media?parent=8172"}],"curies":[{"name":"wp","href":"https:\/\/api.w.org\/{rel}","templated":true}]}}