{"id":1687,"date":"2019-05-26T17:21:48","date_gmt":"2019-05-26T17:21:48","guid":{"rendered":"https:\/\/axatours.com\/moj-ucet\/"},"modified":"2025-06-21T20:36:05","modified_gmt":"2025-06-21T20:36:05","slug":"moj-ucet","status":"publish","type":"page","link":"https:\/\/axatours.com\/sk\/moj-ucet\/","title":{"rendered":"M\u00f4j \u00fa\u010det"},"content":{"rendered":"<p>woocommerce_my_account<\/p>\n","protected":false},"excerpt":{"rendered":"<p>woocommerce_my_account<\/p>\n","protected":false},"author":1,"featured_media":0,"parent":0,"menu_order":0,"comment_status":"closed","ping_status":"closed","template":"","meta":{"_monsterinsights_skip_tracking":false,"_monsterinsights_sitenote_active":false,"_monsterinsights_sitenote_note":"","_monsterinsights_sitenote_category":0,"footnotes":""},"class_list":["post-1687","page","type-page","status-publish","hentry"],"_links":{"self":[{"href":"https:\/\/axatours.com\/sk\/wp-json\/wp\/v2\/pages\/1687","targetHints":{"allow":["GET"]}}],"collection":[{"href":"https:\/\/axatours.com\/sk\/wp-json\/wp\/v2\/pages"}],"about":[{"href":"https:\/\/axatours.com\/sk\/wp-json\/wp\/v2\/types\/page"}],"author":[{"embeddable":true,"href":"https:\/\/axatours.com\/sk\/wp-json\/wp\/v2\/users\/1"}],"replies":[{"embeddable":true,"href":"https:\/\/axatours.com\/sk\/wp-json\/wp\/v2\/comments?post=1687"}],"version-history":[{"count":1,"href":"https:\/\/axatours.com\/sk\/wp-json\/wp\/v2\/pages\/1687\/revisions"}],"predecessor-version":[{"id":17077,"href":"https:\/\/axatours.com\/sk\/wp-json\/wp\/v2\/pages\/1687\/revisions\/17077"}],"wp:attachment":[{"href":"https:\/\/axatours.com\/sk\/wp-json\/wp\/v2\/media?parent=1687"}],"curies":[{"name":"wp","href":"https:\/\/api.w.org\/{rel}","templated":true}]}}