{"id":2237,"date":"2019-12-08T20:27:54","date_gmt":"2019-12-08T20:27:54","guid":{"rendered":"https:\/\/axatours.com\/platba\/"},"modified":"2021-10-28T11:47:35","modified_gmt":"2021-10-28T11:47:35","slug":"platba","status":"publish","type":"page","link":"https:\/\/axatours.com\/sk\/platba\/","title":{"rendered":"platba"},"content":{"rendered":"<div id='av_section_1'  class='avia-section av-61v5ie-290bcf8dde768799cbe60b4b1e7bcd97 main_color avia-section-default avia-no-shadow  avia-builder-el-0  avia-builder-el-no-sibling  avia-bg-style-scroll container_wrap sidebar_right'  ><div class='container av-section-cont-open' ><main  role=\"main\" itemprop=\"mainContentOfPage\"  class='template-page content  av-content-small alpha units'><div class='post-entry post-entry-type-page post-entry-2237'><div class='entry-content-wrapper clearfix'>\n\n<style type=\"text\/css\" data-created_by=\"avia_inline_auto\" id=\"style-css-av-5xt6vq-a020abc20f35df0f848656ad8615cf3d\">\n.flex_column.av-5xt6vq-a020abc20f35df0f848656ad8615cf3d{\nborder-radius:0px 0px 0px 0px;\npadding:0px 0px 0px 0px;\n}\n<\/style>\n<div  class='flex_column av-5xt6vq-a020abc20f35df0f848656ad8615cf3d av_one_half  avia-builder-el-1  avia-builder-el-no-sibling  first flex_column_div av-animated-generic bottom-to-top av-zero-column-padding  '     ><p>\n<style type=\"text\/css\" data-created_by=\"avia_inline_auto\" id=\"style-css-av-35tobr-16243ae5785789190f646c9c750563ea\">\n#top .av-special-heading.av-35tobr-16243ae5785789190f646c9c750563ea{\npadding-bottom:20px;\nfont-size:34px;\n}\nbody .av-special-heading.av-35tobr-16243ae5785789190f646c9c750563ea .av-special-heading-tag .heading-char{\nfont-size:25px;\n}\n#top #wrap_all .av-special-heading.av-35tobr-16243ae5785789190f646c9c750563ea .av-special-heading-tag{\nfont-size:34px;\n}\n.av-special-heading.av-35tobr-16243ae5785789190f646c9c750563ea .av-subheading{\nfont-size:15px;\n}\n\n@media only screen and (min-width: 480px) and (max-width: 767px){ \n#top #wrap_all .av-special-heading.av-35tobr-16243ae5785789190f646c9c750563ea .av-special-heading-tag{\nfont-size:0.8em;\n}\n}\n\n@media only screen and (max-width: 479px){ \n#top #wrap_all .av-special-heading.av-35tobr-16243ae5785789190f646c9c750563ea .av-special-heading-tag{\nfont-size:0.8em;\n}\n}\n<\/style>\n<div  class='av-special-heading av-35tobr-16243ae5785789190f646c9c750563ea av-special-heading-h3 blockquote modern-quote  avia-builder-el-2  el_before_av_textblock  avia-builder-el-first  av-inherit-size av-linked-heading'><div class='av-subheading av-subheading_above'><p>o n\u00e1s<\/p>\n<\/div><h3 class='av-special-heading-tag '  itemprop=\"headline\"  >platobn\u00e9 podmienky<\/h3><div class=\"special-heading-border\"><div class=\"special-heading-inner-border\"><\/div><\/div><\/div><br \/>\n\n<style type=\"text\/css\" data-created_by=\"avia_inline_auto\" id=\"style-css-av-5i6ua6-1334045330b3c64218a11d18a1897dab\">\n#top .av_textblock_section.av-5i6ua6-1334045330b3c64218a11d18a1897dab .avia_textblock{\nfont-size:16px;\ncolor:#0a0a0a;\n}\n<\/style>\n<section  class='av_textblock_section av-5i6ua6-1334045330b3c64218a11d18a1897dab '   itemscope=\"itemscope\" itemtype=\"https:\/\/schema.org\/CreativeWork\" ><div class='avia_textblock av_inherit_color'  itemprop=\"text\" ><p>100% z\u00e1ruka spokojnosti alebo vr\u00e1tenie pe\u0148az\u00ed.<br \/>\ns\u00fa zhroma\u017e\u010fovan\u00e9 spolo\u010dnos\u0165ou Trekksoft AG, ktor\u00e1 kon\u00e1 ako autorizovan\u00fd z\u00e1stupca spolo\u010dnosti Axa Tours. N\u00e1sledne sa zobraz\u00ed spolo\u010dnos\u0165 Trekksoft AG vo Va\u0161om v\u00fdpise z kreditnej karty ako TREKKSOFT * TOUR BOOKING.<br \/>\nDom\u00e9nu, do ktorej zad\u00e1vate a spracov\u00e1vate svoju platbu, vlastn\u00ed a prev\u00e1dzkuje spolo\u010dnos\u0165 TrekkSoft AG.<br \/>\nV\u0161etky platby s\u00fa splatn\u00e9 pri prijat\u00ed.<\/p>\n<p>Ak platba nie je prijat\u00e1 alebo je sp\u00f4sob platby odmietnut\u00fd alebo na\u00fa\u010dtovan\u00fd sp\u00e4\u0165, kupuj\u00facemu prepad\u00e1 vlastn\u00edctvo v\u0161etk\u00fdch zak\u00fapen\u00fdch polo\u017eiek a ak nebude prijat\u00e1 \u017eiadna platba alebo ak kupuj\u00faci uskuto\u010dn\u00ed kompenz\u00e1ciu po d\u00e1tume z\u00e1jazdu, m\u00e1 na\u0161a tretia strana Trekksoft pr\u00e1vo namieta\u0165.<\/p>\n<p>Ak\u00e9ko\u013evek nepovinn\u00e9 z\u00e1jazdy, ako napr\u00edklad miestnos\u0165 pre m\u00famie v egyptskom m\u00fazeu, vstup do ktorejko\u013evek pyram\u00eddy, hrobka Tutanchamona nie je zahrnut\u00e1, pokia\u013e nie je uveden\u00e9 inak a prilo\u017een\u00fd je po\u010das rezerv\u00e1cie a ak sa z\u00e1kazn\u00edk rozhodol vykona\u0165 niektor\u00fa z t\u00fdchto volite\u013en\u00fdch n\u00e1v\u0161tev, potom po\u017eadovan\u00e9 l\u00edstky zaplat\u00ed z\u00e1kazn\u00edk<br \/>\nDOLE PLATBA:<br \/>\nPon\u00fakame tie\u017e syst\u00e9m z\u00e1lohov\u00fdch platieb pre viac zariaden\u00ed, preto\u017ee m\u00f4\u017eete zaplati\u0165 \u010das\u0165 online a zvy\u0161ok v \u010dase vyzdvihnutia bez ak\u00fdchko\u013evek probl\u00e9mov, a je mo\u017en\u00e9 ich vr\u00e1ti\u0165 v pr\u00edpade zru\u0161enia, preto\u017ee na\u0161e \u00falohy t\u00fdkaj\u00face sa zru\u0161enia \u00fa\u010dtu.<\/p>\n<\/div><\/section><\/p><\/div><\/div><\/div><\/main><!-- close content main element --><\/div><\/div><div id='after_section_1'  class='main_color av_default_container_wrap container_wrap sidebar_right'  ><div class='container av-section-cont-open' ><div class='template-page content  av-content-small alpha units'><div class='post-entry post-entry-type-page post-entry-2237'><div class='entry-content-wrapper clearfix'>\n","protected":false},"excerpt":{"rendered":"","protected":false},"author":1,"featured_media":0,"parent":0,"menu_order":0,"comment_status":"open","ping_status":"closed","template":"","meta":{"_monsterinsights_skip_tracking":false,"_monsterinsights_sitenote_active":false,"_monsterinsights_sitenote_note":"","_monsterinsights_sitenote_category":0,"footnotes":""},"class_list":["post-2237","page","type-page","status-publish","hentry"],"_links":{"self":[{"href":"https:\/\/axatours.com\/sk\/wp-json\/wp\/v2\/pages\/2237","targetHints":{"allow":["GET"]}}],"collection":[{"href":"https:\/\/axatours.com\/sk\/wp-json\/wp\/v2\/pages"}],"about":[{"href":"https:\/\/axatours.com\/sk\/wp-json\/wp\/v2\/types\/page"}],"author":[{"embeddable":true,"href":"https:\/\/axatours.com\/sk\/wp-json\/wp\/v2\/users\/1"}],"replies":[{"embeddable":true,"href":"https:\/\/axatours.com\/sk\/wp-json\/wp\/v2\/comments?post=2237"}],"version-history":[{"count":0,"href":"https:\/\/axatours.com\/sk\/wp-json\/wp\/v2\/pages\/2237\/revisions"}],"wp:attachment":[{"href":"https:\/\/axatours.com\/sk\/wp-json\/wp\/v2\/media?parent=2237"}],"curies":[{"name":"wp","href":"https:\/\/api.w.org\/{rel}","templated":true}]}}