{"id":2239,"date":"2019-12-08T20:36:16","date_gmt":"2019-12-08T20:36:16","guid":{"rendered":"https:\/\/axatours.com\/zasady-ochrany-osobnych-udajov\/"},"modified":"2020-07-02T12:53:41","modified_gmt":"2020-07-02T12:53:41","slug":"zasady-ochrany-osobnych-udajov","status":"publish","type":"page","link":"https:\/\/axatours.com\/sk\/zasady-ochrany-osobnych-udajov\/","title":{"rendered":"z\u00e1sady ochrany osobn\u00fdch \u00fadajov"},"content":{"rendered":"","protected":false},"excerpt":{"rendered":"","protected":false},"author":1,"featured_media":0,"parent":0,"menu_order":0,"comment_status":"closed","ping_status":"closed","template":"","meta":{"_monsterinsights_skip_tracking":false,"_monsterinsights_sitenote_active":false,"_monsterinsights_sitenote_note":"","_monsterinsights_sitenote_category":0,"footnotes":""},"class_list":["post-2239","page","type-page","status-publish","hentry"],"_links":{"self":[{"href":"https:\/\/axatours.com\/sk\/wp-json\/wp\/v2\/pages\/2239","targetHints":{"allow":["GET"]}}],"collection":[{"href":"https:\/\/axatours.com\/sk\/wp-json\/wp\/v2\/pages"}],"about":[{"href":"https:\/\/axatours.com\/sk\/wp-json\/wp\/v2\/types\/page"}],"author":[{"embeddable":true,"href":"https:\/\/axatours.com\/sk\/wp-json\/wp\/v2\/users\/1"}],"replies":[{"embeddable":true,"href":"https:\/\/axatours.com\/sk\/wp-json\/wp\/v2\/comments?post=2239"}],"version-history":[{"count":0,"href":"https:\/\/axatours.com\/sk\/wp-json\/wp\/v2\/pages\/2239\/revisions"}],"wp:attachment":[{"href":"https:\/\/axatours.com\/sk\/wp-json\/wp\/v2\/media?parent=2239"}],"curies":[{"name":"wp","href":"https:\/\/api.w.org\/{rel}","templated":true}]}}