{"id":2247,"date":"2019-12-08T21:16:57","date_gmt":"2019-12-08T21:16:57","guid":{"rendered":"https:\/\/axatours.com\/o-nas\/"},"modified":"2023-09-03T22:46:03","modified_gmt":"2023-09-03T22:46:03","slug":"o-nas","status":"publish","type":"page","link":"https:\/\/axatours.com\/sk\/o-nas\/","title":{"rendered":"O n\u00e1s"},"content":{"rendered":"\n<style type=\"text\/css\" data-created_by=\"avia_inline_auto\" id=\"style-css-av-6evwie-b58d45f6f271b0d2dc80576fd60f8fdb\">\n.avia-section.av-6evwie-b58d45f6f271b0d2dc80576fd60f8fdb{\nbackground-repeat:no-repeat;\nbackground-image:url(https:\/\/axatours.com\/wp-content\/uploads\/2019\/02\/1-1-300x150.jpg);\nbackground-position:50% 50%;\nbackground-attachment:scroll;\n}\n.avia-section.av-6evwie-b58d45f6f271b0d2dc80576fd60f8fdb .av-section-color-overlay{\nopacity:0.4;\nbackground-color:#000000;\n}\n<\/style>\n<div id='av_section_1'  class='avia-section av-6evwie-b58d45f6f271b0d2dc80576fd60f8fdb main_color avia-section-large avia-no-border-styling  avia-builder-el-0  el_before_av_section  avia-builder-el-first  avia-full-stretch avia-bg-style-scroll av-section-color-overlay-active container_wrap sidebar_right'  data-section-bg-repeat='stretch'><div class=\"av-section-color-overlay-wrap\"><div class=\"av-section-color-overlay\"><\/div><div class='container av-section-cont-open' ><main  role=\"main\" itemprop=\"mainContentOfPage\"  class='template-page content  av-content-small alpha units'><div class='post-entry post-entry-type-page post-entry-2247'><div class='entry-content-wrapper clearfix'>\n\n<style type=\"text\/css\" data-created_by=\"avia_inline_auto\" id=\"style-css-av-650tby-ff5d9e9f3e946e35a121c92bf994bcfd\">\n#top .av-special-heading.av-650tby-ff5d9e9f3e946e35a121c92bf994bcfd{\npadding-bottom:10px;\ncolor:#ffffff;\nfont-size:70px;\n}\nbody .av-special-heading.av-650tby-ff5d9e9f3e946e35a121c92bf994bcfd .av-special-heading-tag .heading-char{\nfont-size:25px;\n}\n#top #wrap_all .av-special-heading.av-650tby-ff5d9e9f3e946e35a121c92bf994bcfd .av-special-heading-tag{\nfont-size:70px;\n}\n.av-special-heading.av-650tby-ff5d9e9f3e946e35a121c92bf994bcfd .special-heading-inner-border{\nborder-color:#ffffff;\n}\n.av-special-heading.av-650tby-ff5d9e9f3e946e35a121c92bf994bcfd .av-subheading{\nfont-size:15px;\n}\n\n@media only screen and (min-width: 480px) and (max-width: 767px){ \n#top #wrap_all .av-special-heading.av-650tby-ff5d9e9f3e946e35a121c92bf994bcfd .av-special-heading-tag{\nfont-size:0.8em;\n}\n}\n\n@media only screen and (max-width: 479px){ \n#top #wrap_all .av-special-heading.av-650tby-ff5d9e9f3e946e35a121c92bf994bcfd .av-special-heading-tag{\nfont-size:0.8em;\n}\n}\n<\/style>\n<div  class='av-special-heading av-650tby-ff5d9e9f3e946e35a121c92bf994bcfd av-special-heading-h6 custom-color-heading blockquote modern-quote modern-centered  avia-builder-el-1  avia-builder-el-no-sibling  av-inherit-size'><h6 class='av-special-heading-tag '  itemprop=\"headline\"  >O n\u00e1s<\/h6><div class=\"special-heading-border\"><div class=\"special-heading-inner-border\"><\/div><\/div><\/div>\n\n<\/div><\/div><\/main><!-- close content main element --><\/div><\/div><\/div><div id='av_section_2'  class='avia-section av-61v5ie-290bcf8dde768799cbe60b4b1e7bcd97 main_color avia-section-default avia-no-shadow  avia-builder-el-2  el_after_av_section  el_before_av_section  avia-bg-style-scroll container_wrap sidebar_right'  ><div class='container av-section-cont-open' ><div class='template-page content  av-content-small alpha units'><div class='post-entry post-entry-type-page post-entry-2247'><div class='entry-content-wrapper clearfix'>\n\n<style type=\"text\/css\" data-created_by=\"avia_inline_auto\" id=\"style-css-av-5xt6vq-a020abc20f35df0f848656ad8615cf3d\">\n.flex_column.av-5xt6vq-a020abc20f35df0f848656ad8615cf3d{\nborder-radius:0px 0px 0px 0px;\npadding:0px 0px 0px 0px;\n}\n<\/style>\n<div  class='flex_column av-5xt6vq-a020abc20f35df0f848656ad8615cf3d av_one_half  avia-builder-el-3  el_before_av_one_half  avia-builder-el-first  first flex_column_div av-animated-generic bottom-to-top av-zero-column-padding  '     ><p>\n<style type=\"text\/css\" data-created_by=\"avia_inline_auto\" id=\"style-css-av-fuls6-8b714322307443c28fdb13cd5643e838\">\n#top .av-special-heading.av-fuls6-8b714322307443c28fdb13cd5643e838{\npadding-bottom:20px;\nfont-size:34px;\n}\nbody .av-special-heading.av-fuls6-8b714322307443c28fdb13cd5643e838 .av-special-heading-tag .heading-char{\nfont-size:25px;\n}\n#top #wrap_all .av-special-heading.av-fuls6-8b714322307443c28fdb13cd5643e838 .av-special-heading-tag{\nfont-size:34px;\n}\n.av-special-heading.av-fuls6-8b714322307443c28fdb13cd5643e838 .av-subheading{\nfont-size:15px;\n}\n\n@media only screen and (min-width: 480px) and (max-width: 767px){ \n#top #wrap_all .av-special-heading.av-fuls6-8b714322307443c28fdb13cd5643e838 .av-special-heading-tag{\nfont-size:0.8em;\n}\n}\n\n@media only screen and (max-width: 479px){ \n#top #wrap_all .av-special-heading.av-fuls6-8b714322307443c28fdb13cd5643e838 .av-special-heading-tag{\nfont-size:0.8em;\n}\n}\n<\/style>\n<div  class='av-special-heading av-fuls6-8b714322307443c28fdb13cd5643e838 av-special-heading-h3 blockquote modern-quote  avia-builder-el-4  el_before_av_textblock  avia-builder-el-first  av-inherit-size'><div class='av-subheading av-subheading_above'><p>kto sme<\/p>\n<\/div><h3 class='av-special-heading-tag '  itemprop=\"headline\"  >Nieko\u013eko slov o n\u00e1s<\/h3><div class=\"special-heading-border\"><div class=\"special-heading-inner-border\"><\/div><\/div><\/div><br \/>\n<section  class='av_textblock_section av-5i6ua6-7b7783f1479607d9fc2e0b9a73a6cf8f '   itemscope=\"itemscope\" itemtype=\"https:\/\/schema.org\/CreativeWork\" ><div class='avia_textblock'  itemprop=\"text\" ><p> Axa tours Egypt je s\u00fa\u010das\u0165ou Axa medzin\u00e1rodna, a je ved\u00facou spolo\u010dnos\u0165ou v oblasti riadenia v\u00fdlety (safari, \u0161norchlovanie, pot\u00e1panie, transfery, marsa allam, K\u00e1hira, Asu\u00e1n, sharm elshekh, hurgHada, luxor)<\/p>\n<\/div><\/section><\/p><\/div>\n<style type=\"text\/css\" data-created_by=\"avia_inline_auto\" id=\"style-css-av-5bf19y-375411a4322848d5e246ea0176b319f5\">\n.flex_column.av-5bf19y-375411a4322848d5e246ea0176b319f5{\nborder-radius:0px 0px 0px 0px;\npadding:0px 0px 0px 0px;\n}\n<\/style>\n<div  class='flex_column av-5bf19y-375411a4322848d5e246ea0176b319f5 av_one_half  avia-builder-el-6  el_after_av_one_half  avia-builder-el-last  flex_column_div av-animated-generic bottom-to-top av-zero-column-padding  '     ><p>\n<style type=\"text\/css\" data-created_by=\"avia_inline_auto\" id=\"style-css-av-bpdva-9e9a16d7ff02fbcaac002d87372e86f3\">\n#top .av-special-heading.av-bpdva-9e9a16d7ff02fbcaac002d87372e86f3{\npadding-bottom:20px;\nfont-size:34px;\n}\nbody .av-special-heading.av-bpdva-9e9a16d7ff02fbcaac002d87372e86f3 .av-special-heading-tag .heading-char{\nfont-size:25px;\n}\n#top #wrap_all .av-special-heading.av-bpdva-9e9a16d7ff02fbcaac002d87372e86f3 .av-special-heading-tag{\nfont-size:34px;\n}\n.av-special-heading.av-bpdva-9e9a16d7ff02fbcaac002d87372e86f3 .av-subheading{\nfont-size:15px;\n}\n\n@media only screen and (min-width: 480px) and (max-width: 767px){ \n#top #wrap_all .av-special-heading.av-bpdva-9e9a16d7ff02fbcaac002d87372e86f3 .av-special-heading-tag{\nfont-size:0.8em;\n}\n}\n\n@media only screen and (max-width: 479px){ \n#top #wrap_all .av-special-heading.av-bpdva-9e9a16d7ff02fbcaac002d87372e86f3 .av-special-heading-tag{\nfont-size:0.8em;\n}\n}\n<\/style>\n<div  class='av-special-heading av-bpdva-9e9a16d7ff02fbcaac002d87372e86f3 av-special-heading-h3 blockquote modern-quote  avia-builder-el-7  el_before_av_textblock  avia-builder-el-first  av-inherit-size av-linked-heading'><div class='av-subheading av-subheading_above'><p>ako je to<\/p>\n<\/div><h3 class='av-special-heading-tag '  itemprop=\"headline\"  >Nie je to len pre podnikanie, je to viac ako toto<\/h3><div class=\"special-heading-border\"><div class=\"special-heading-inner-border\"><\/div><\/div><\/div><br \/>\n<section  class='av_textblock_section av-535wim-093b081a3b819446f74b2a1028d44d75 '   itemscope=\"itemscope\" itemtype=\"https:\/\/schema.org\/CreativeWork\" ><div class='avia_textblock'  itemprop=\"text\" ><p>ke\u010f sme za\u010dali pred 18 rokmi, rozhodli sme sa, \u017ee to nebude len pre podnikanie, ale bude aj podpora a pomoc v\u0161etk\u00fdm n\u00e1v\u0161tevn\u00edkom Egypta, tak\u017ee m\u00e1me k dispoz\u00edcii 24\/7 linku pre kohoko\u013evek v Egypte, ktor\u00fd potrebuje pomoc alebo radu, aj ke\u010f nie je n\u00e1\u0161 z\u00e1kazn\u00edk<\/p>\n<\/div><\/section><\/p><\/div><\/div><\/div><\/div><!-- close content main div --><\/div><\/div><div id='av_section_3'  class='avia-section av-4y44ja-90867751b85b0051c27ad629d4019f16 alternate_color avia-section-large avia-no-border-styling  avia-builder-el-9  el_after_av_section  el_before_av_section  avia-bg-style-scroll container_wrap sidebar_right'  ><div class='container av-section-cont-open' ><div class='template-page content  av-content-small alpha units'><div class='post-entry post-entry-type-page post-entry-2247'><div class='entry-content-wrapper clearfix'>\n\n<style type=\"text\/css\" data-created_by=\"avia_inline_auto\" id=\"style-css-av-bpx5q-0d1aa8731698b37f13e9fe2debf351c6\">\n#top .av-special-heading.av-bpx5q-0d1aa8731698b37f13e9fe2debf351c6{\npadding-bottom:70px;\nfont-size:34px;\n}\nbody .av-special-heading.av-bpx5q-0d1aa8731698b37f13e9fe2debf351c6 .av-special-heading-tag .heading-char{\nfont-size:25px;\n}\n#top #wrap_all .av-special-heading.av-bpx5q-0d1aa8731698b37f13e9fe2debf351c6 .av-special-heading-tag{\nfont-size:34px;\n}\n.av-special-heading.av-bpx5q-0d1aa8731698b37f13e9fe2debf351c6 .av-subheading{\nfont-size:15px;\n}\n\n@media only screen and (min-width: 480px) and (max-width: 767px){ \n#top #wrap_all .av-special-heading.av-bpx5q-0d1aa8731698b37f13e9fe2debf351c6 .av-special-heading-tag{\nfont-size:0.8em;\n}\n}\n\n@media only screen and (max-width: 479px){ \n#top #wrap_all .av-special-heading.av-bpx5q-0d1aa8731698b37f13e9fe2debf351c6 .av-special-heading-tag{\nfont-size:0.8em;\n}\n}\n<\/style>\n<div  class='av-special-heading av-bpx5q-0d1aa8731698b37f13e9fe2debf351c6 av-special-heading-h3 blockquote modern-quote modern-centered  avia-builder-el-10  el_before_av_one_half  avia-builder-el-first  av-inherit-size'><div class='av-subheading av-subheading_above'><p>Skvel\u00e1 agent\u00fara<\/p>\n<\/div><h3 class='av-special-heading-tag '  itemprop=\"headline\"  >\u010co v\u00e1m m\u00f4\u017eeme pon\u00faknu\u0165?<\/h3><div class=\"special-heading-border\"><div class=\"special-heading-inner-border\"><\/div><\/div><\/div>\n<div  class='flex_column av-4kv2xa-19a39bbeb481df60b277a6c2c3bdf5e3 av_one_half  avia-builder-el-11  el_after_av_heading  el_before_av_one_half  first flex_column_div  '     ><article  class='iconbox iconbox_left_content av-4dewlq-b831c76cae7d61baeb2d80e9fecc8ca2  avia-builder-el-12  avia-builder-el-no-sibling '  itemscope=\"itemscope\" itemtype=\"https:\/\/schema.org\/CreativeWork\" ><div class='iconbox_icon heading-color avia-iconfont avia-font-entypo-fontello' data-av_icon='\ue8b1' data-av_iconfont='entypo-fontello'  ><\/div><div class=\"iconbox_content\"><header class=\"entry-content-header\" aria-label=\"Icon: Podpora a pomoc\"><h3 class='iconbox_content_title '  itemprop=\"headline\" >Podpora a pomoc<\/h3><\/header><div class='iconbox_content_container '  itemprop=\"text\" ><p>sme radi, \u017ee v\u00e1m m\u00f4\u017eeme poskytn\u00fa\u0165 pomoc a pom\u00f4c\u0165 n\u00e1v\u0161tevn\u00edkom Egypta, aj ke\u010f si u n\u00e1s  nie rezervovali<\/p>\n<\/div><\/div><footer class=\"entry-footer\"><\/footer><\/article><\/div>\n<style type=\"text\/css\" data-created_by=\"avia_inline_auto\" id=\"style-css-av-4agdq6-1e539cd793556cfafb42a4f172a2a718\">\n.flex_column.av-4agdq6-1e539cd793556cfafb42a4f172a2a718{\nborder-radius:0px 0px 0px 0px;\npadding:0px 0px 0px 0px;\n}\n<\/style>\n<div  class='flex_column av-4agdq6-1e539cd793556cfafb42a4f172a2a718 av_one_half  avia-builder-el-13  el_after_av_one_half  el_before_av_one_half  flex_column_div av-zero-column-padding  '     ><article  class='iconbox iconbox_left_content av-44bame-55e652f607be5a9278063fd2912e985c  avia-builder-el-14  avia-builder-el-no-sibling '  itemscope=\"itemscope\" itemtype=\"https:\/\/schema.org\/CreativeWork\" ><div class='iconbox_icon heading-color avia-iconfont avia-font-entypo-fontello' data-av_icon='\ue808' data-av_iconfont='entypo-fontello'  ><\/div><div class=\"iconbox_content\"><header class=\"entry-content-header\" aria-label=\"Icon: Exkluz\u00edvne v\u00fdlety\"><h3 class='iconbox_content_title '  itemprop=\"headline\" >Exkluz\u00edvne v\u00fdlety<\/h3><\/header><div class='iconbox_content_container '  itemprop=\"text\" ><p>sme hrd\u00ed \u017ee Pon\u00fakame  v\u00fdlety do cel\u00e9ho Egypta<\/p>\n<\/div><\/div><footer class=\"entry-footer\"><\/footer><\/article><\/div><div  class='flex_column av-3ug9ra-a44d406860f5796144b8aa70ce2d1520 av_one_half  avia-builder-el-15  el_after_av_one_half  el_before_av_one_half  first flex_column_div  column-top-margin'     ><article  class='iconbox iconbox_left_content av-3sl8y6-7a9c999d1fce37738d71b104cef6ea36  avia-builder-el-16  avia-builder-el-no-sibling '  itemscope=\"itemscope\" itemtype=\"https:\/\/schema.org\/CreativeWork\" ><div class='iconbox_icon heading-color avia-iconfont avia-font-entypo-fontello' data-av_icon='\ue824' data-av_iconfont='entypo-fontello'  ><\/div><div class=\"iconbox_content\"><header class=\"entry-content-header\" aria-label=\"Icon: Bezpe\u010dn\u00e1 platba\"><h3 class='iconbox_content_title '  itemprop=\"headline\" >Bezpe\u010dn\u00e1 platba<\/h3><\/header><div class='iconbox_content_container '  itemprop=\"text\" ><p>Platba je zabezpe\u010den\u00e1 a  zaru\u010duje vysok\u00fa \u00farove\u0148 ochrany. Perfektn\u00e1 ochrana va\u0161ich osobn\u00fdch \u00fadajov<\/p>\n<\/div><\/div><footer class=\"entry-footer\"><\/footer><\/article><\/div>\n<style type=\"text\/css\" data-created_by=\"avia_inline_auto\" id=\"style-css-av-3iz0fy-d7c1c135e1bd5a6d3a87aaadedb3b208\">\n.flex_column.av-3iz0fy-d7c1c135e1bd5a6d3a87aaadedb3b208{\nborder-radius:0px 0px 0px 0px;\npadding:0px 0px 0px 0px;\n}\n<\/style>\n<div  class='flex_column av-3iz0fy-d7c1c135e1bd5a6d3a87aaadedb3b208 av_one_half  avia-builder-el-17  el_after_av_one_half  el_before_av_one_half  flex_column_div av-zero-column-padding  column-top-margin'     ><article  class='iconbox iconbox_left_content av-3h0hv2-08e275648f03d1070c4b0c4f87f16ab9  avia-builder-el-18  avia-builder-el-no-sibling '  itemscope=\"itemscope\" itemtype=\"https:\/\/schema.org\/CreativeWork\" ><div class='iconbox_icon heading-color avia-iconfont avia-font-entypo-fontello' data-av_icon='\ue8b6' data-av_iconfont='entypo-fontello'  ><\/div><div class=\"iconbox_content\"><header class=\"entry-content-header\" aria-label=\"Icon: \u017eiadny storno poplatok\"><h3 class='iconbox_content_title '  itemprop=\"headline\" >\u017eiadny storno poplatok<\/h3><\/header><div class='iconbox_content_container '  itemprop=\"text\" ><p>Storno podmienky je 24 hodin pred v\u00fdletom<\/p>\n<\/div><\/div><footer class=\"entry-footer\"><\/footer><\/article><\/div><div  class='flex_column av-2imr7y-f1ed675a40f3d57e33d351b80b8d8bfd av_one_half  avia-builder-el-19  el_after_av_one_half  el_before_av_one_half  first flex_column_div  column-top-margin'     ><article  class='iconbox iconbox_left_content av-2cyuxy-dd762a12434d48e8cdcf5c0fa3866c7e  avia-builder-el-20  avia-builder-el-no-sibling '  itemscope=\"itemscope\" itemtype=\"https:\/\/schema.org\/CreativeWork\" ><div class='iconbox_icon heading-color avia-iconfont avia-font-entypo-fontello' data-av_icon='\ue8b9' data-av_iconfont='entypo-fontello'  ><\/div><div class=\"iconbox_content\"><header class=\"entry-content-header\" aria-label=\"Icon: 24\/7 podpera\"><h3 class='iconbox_content_title '  itemprop=\"headline\" >24\/7 podpera<\/h3><\/header><div class='iconbox_content_container '  itemprop=\"text\" ><p>poskytujeme 24\/7 asistenciu a odpoved\u00e1me na v\u0161etky ot\u00e1zky s viacjazy\u010dn\u00fdm t\u00edmom<\/p>\n<\/div><\/div><footer class=\"entry-footer\"><\/footer><\/article><\/div>\n<style type=\"text\/css\" data-created_by=\"avia_inline_auto\" id=\"style-css-av-270s5i-89ce52f22c03917cd3861f5629aaf1e6\">\n.flex_column.av-270s5i-89ce52f22c03917cd3861f5629aaf1e6{\nborder-radius:0px 0px 0px 0px;\npadding:0px 0px 0px 0px;\n}\n<\/style>\n<div  class='flex_column av-270s5i-89ce52f22c03917cd3861f5629aaf1e6 av_one_half  avia-builder-el-21  el_after_av_one_half  avia-builder-el-last  flex_column_div av-zero-column-padding  column-top-margin'     ><article  class='iconbox iconbox_left_content av-256xs6-99f63f0d2a5eb9663740471f6697eebd  avia-builder-el-22  avia-builder-el-no-sibling '  itemscope=\"itemscope\" itemtype=\"https:\/\/schema.org\/CreativeWork\" ><div class='iconbox_icon heading-color avia-iconfont avia-font-entypo-fontello' data-av_icon='\ue841' data-av_iconfont='entypo-fontello'  ><\/div><div class=\"iconbox_content\"><header class=\"entry-content-header\" aria-label=\"Icon: Ve\u013ek\u00e9 v\u00fdlety\"><h3 class='iconbox_content_title '  itemprop=\"headline\" >Ve\u013ek\u00e9 v\u00fdlety<\/h3><\/header><div class='iconbox_content_container '  itemprop=\"text\" ><p>rob\u00edme v\u0161etko \u010do je v na\u0161ich sil\u00e1ch aby sme dodali viac ako s\u013eubujeme a aby boli v\u00fdlety pln\u00e9 z\u00e1bavy a vzru\u0161uj\u00facich vec\u00ed nezabudnute\u013en\u00e9<\/p>\n<\/div><\/div><footer class=\"entry-footer\"><\/footer><\/article><\/div>\n<\/p>\n<\/div><\/div><\/div><!-- close content main div --><\/div><\/div>\n<style type=\"text\/css\" data-created_by=\"avia_inline_auto\" id=\"style-css-av-6rcx2-6e0cfbb6d14184295f29a07426648af8\">\n.avia-section.av-6rcx2-6e0cfbb6d14184295f29a07426648af8 .av-section-color-overlay{\nopacity:0.3;\nbackground-color:#000000;\n}\n<\/style>\n<div id='av_section_4'  class='avia-section av-6rcx2-6e0cfbb6d14184295f29a07426648af8 main_color avia-section-large avia-no-border-styling  avia-builder-el-23  el_after_av_section  avia-builder-el-last  avia-bg-style-parallax av-section-color-overlay-active container_wrap sidebar_right'  ><div class=\"av-section-color-overlay-wrap\"><div class=\"av-section-color-overlay\"><\/div><div class='container av-section-cont-open' ><div class='template-page content  av-content-small alpha units'><div class='post-entry post-entry-type-page post-entry-2247'><div class='entry-content-wrapper clearfix'>\n<div  class='flex_column av-1ogp86-6f782f319b65a112e8fb0b61f4abf5bf av_one_fifth  avia-builder-el-24  el_before_av_one_fifth  avia-builder-el-first  first flex_column_div  '     ><div  class=\"avia-animated-number av-1j62km-60a73c067595eedc49562dcab0a69f48 av-force-default-color avia_animate_when_visible  avia-builder-el-25  avia-builder-el-no-sibling  avia-color-font-light \" data-timer=\"3000\"><strong class=\"heading avia-animated-number-title\"><span class=\"avia-single-number __av-single-number\" data-number_format=\"\" data-number=\"18\" data-start_from=\"0\">18<\/span><\/strong><div class=\"avia-animated-number-content\"><p>dlhoro\u010dn\u00e1 sk\u00fasenos\u0165<\/p>\n<\/div><\/div><\/div>\n<style type=\"text\/css\" data-created_by=\"avia_inline_auto\" id=\"style-css-av-1flcba-f111fc67fb15e85a04bcc4e23719f625\">\n.flex_column.av-1flcba-f111fc67fb15e85a04bcc4e23719f625{\nborder-radius:0px 0px 0px 0px;\npadding:0px 0px 0px 0px;\n}\n<\/style>\n<div  class='flex_column av-1flcba-f111fc67fb15e85a04bcc4e23719f625 av_one_fifth  avia-builder-el-26  el_after_av_one_fifth  el_before_av_one_fifth  flex_column_div av-zero-column-padding  '     ><div  class=\"avia-animated-number av-18m86u-f9dfb89891262c09a86f5b71cecf1108 av-force-default-color avia_animate_when_visible  avia-builder-el-27  avia-builder-el-no-sibling  avia-color-font-light \" data-timer=\"3000\"><strong class=\"heading avia-animated-number-title\"><span class=\"avia-single-number __av-single-number\" data-number_format=\"\" data-number=\"120\" data-start_from=\"0\">120<\/span><\/strong><div class=\"avia-animated-number-content\"><p>\u010clenovia t\u00edmu<\/p>\n<\/div><\/div><\/div>\n<style type=\"text\/css\" data-created_by=\"avia_inline_auto\" id=\"style-css-av-3t75q-84af52df2b7d2a2ea6b714d47d247a54\">\n.flex_column.av-3t75q-84af52df2b7d2a2ea6b714d47d247a54{\nborder-radius:0px 0px 0px 0px;\npadding:0px 0px 0px 0px;\n}\n<\/style>\n<div  class='flex_column av-3t75q-84af52df2b7d2a2ea6b714d47d247a54 av_one_fifth  avia-builder-el-28  el_after_av_one_fifth  el_before_av_one_fifth  flex_column_div av-zero-column-padding  '     ><div  class=\"avia-animated-number av-3b4p2-18b99b3cc3becdf7769b3a67ca2f0ffe av-force-default-color avia_animate_when_visible  avia-builder-el-29  avia-builder-el-no-sibling  avia-color-font-light \" data-timer=\"3000\"><strong class=\"heading avia-animated-number-title\"><span class=\"avia-single-number __av-single-number\" data-number_format=\"\" data-number=\"22500\" data-start_from=\"0\">22500<\/span><\/strong><div class=\"avia-animated-number-content\"><p>slu\u017eby z\u00e1kazn\u00edkom<\/p>\n<\/div><\/div><\/div>\n<style type=\"text\/css\" data-created_by=\"avia_inline_auto\" id=\"style-css-av-t308u-38f27190f7d0de3758efdea8b986fedc\">\n.flex_column.av-t308u-38f27190f7d0de3758efdea8b986fedc{\nborder-radius:0px 0px 0px 0px;\npadding:0px 0px 0px 0px;\n}\n<\/style>\n<div  class='flex_column av-t308u-38f27190f7d0de3758efdea8b986fedc av_one_fifth  avia-builder-el-30  el_after_av_one_fifth  el_before_av_one_fifth  flex_column_div av-zero-column-padding  '     ><div  class=\"avia-animated-number av-m1ona-e7b3889fa2f108dbd1babb01b2c48afa av-force-default-color avia_animate_when_visible  avia-builder-el-31  avia-builder-el-no-sibling  avia-color-font-light \" data-timer=\"3000\"><strong class=\"heading avia-animated-number-title\"><span class=\"avia-single-number __av-single-number\" data-number_format=\"\" data-number=\"10\" data-start_from=\"0\">10<\/span><\/strong><div class=\"avia-animated-number-content\"><p>destin\u00e1ci\u00ed<\/p>\n<\/div><\/div><\/div>\n<style type=\"text\/css\" data-created_by=\"avia_inline_auto\" id=\"style-css-av-feib2-12f67fe6283027eb8e4bcb369a684cf5\">\n.flex_column.av-feib2-12f67fe6283027eb8e4bcb369a684cf5{\nborder-radius:0px 0px 0px 0px;\npadding:0px 0px 0px 0px;\n}\n<\/style>\n<div  class='flex_column av-feib2-12f67fe6283027eb8e4bcb369a684cf5 av_one_fifth  avia-builder-el-32  el_after_av_one_fifth  avia-builder-el-last  flex_column_div av-zero-column-padding  '     ><div  class=\"avia-animated-number av-14vke-434ec21f2dc8c8b8e5379ec48985e6e5 av-force-default-color avia_animate_when_visible  avia-builder-el-33  avia-builder-el-no-sibling  avia-color-font-light \" data-timer=\"3000\"><strong class=\"heading avia-animated-number-title\"><span class=\"avia-single-number __av-single-number\" data-number_format=\"\" data-number=\"140\" data-start_from=\"0\">140<\/span><\/strong><div class=\"avia-animated-number-content\"><p>PON\u00daKY<\/p>\n<\/div><\/div><\/div>\n<\/div><\/div><\/div><!-- close content main div --><\/div><\/div><\/div><div id='after_section_4'  class='main_color av_default_container_wrap container_wrap sidebar_right'  ><div class='container av-section-cont-open' ><div class='template-page content  av-content-small alpha units'><div class='post-entry post-entry-type-page post-entry-2247'><div class='entry-content-wrapper clearfix'>\n","protected":false},"excerpt":{"rendered":"","protected":false},"author":1,"featured_media":0,"parent":0,"menu_order":0,"comment_status":"open","ping_status":"closed","template":"","meta":{"_monsterinsights_skip_tracking":false,"_monsterinsights_sitenote_active":false,"_monsterinsights_sitenote_note":"","_monsterinsights_sitenote_category":0,"footnotes":""},"class_list":["post-2247","page","type-page","status-publish","hentry"],"_links":{"self":[{"href":"https:\/\/axatours.com\/sk\/wp-json\/wp\/v2\/pages\/2247","targetHints":{"allow":["GET"]}}],"collection":[{"href":"https:\/\/axatours.com\/sk\/wp-json\/wp\/v2\/pages"}],"about":[{"href":"https:\/\/axatours.com\/sk\/wp-json\/wp\/v2\/types\/page"}],"author":[{"embeddable":true,"href":"https:\/\/axatours.com\/sk\/wp-json\/wp\/v2\/users\/1"}],"replies":[{"embeddable":true,"href":"https:\/\/axatours.com\/sk\/wp-json\/wp\/v2\/comments?post=2247"}],"version-history":[{"count":9,"href":"https:\/\/axatours.com\/sk\/wp-json\/wp\/v2\/pages\/2247\/revisions"}],"predecessor-version":[{"id":8205,"href":"https:\/\/axatours.com\/sk\/wp-json\/wp\/v2\/pages\/2247\/revisions\/8205"}],"wp:attachment":[{"href":"https:\/\/axatours.com\/sk\/wp-json\/wp\/v2\/media?parent=2247"}],"curies":[{"name":"wp","href":"https:\/\/api.w.org\/{rel}","templated":true}]}}